{"id":2170,"date":"2025-10-14T09:42:30","date_gmt":"2025-10-14T13:42:30","guid":{"rendered":"https:\/\/tidysap.com\/politique-de-confidentialite\/"},"modified":"2025-10-14T12:06:46","modified_gmt":"2025-10-14T16:06:46","slug":"politique-de-confidentialite","status":"publish","type":"page","link":"https:\/\/tidysap.com\/en\/politique-de-confidentialite\/","title":{"rendered":"Politique de confidentialit\u00e9"},"content":{"rendered":"\t\t<div data-elementor-type=\"wp-page\" data-elementor-id=\"2170\" class=\"elementor elementor-2170 elementor-2148\" data-elementor-post-type=\"page\">\n\t\t\t\t<div class=\"elementor-element elementor-element-9cbe74d e-flex e-con-boxed e-con e-parent\" data-id=\"9cbe74d\" data-element_type=\"container\" data-e-type=\"container\">\n\t\t\t\t\t<div class=\"e-con-inner\">\n\t\t\t\t<div class=\"elementor-element elementor-element-67ca86e elementor-widget elementor-widget-spacer\" data-id=\"67ca86e\" data-element_type=\"widget\" data-e-type=\"widget\" data-widget_type=\"spacer.default\">\n\t\t\t\t<div class=\"elementor-widget-container\">\n\t\t\t\t\t\t\t<div class=\"elementor-spacer\">\n\t\t\t<div class=\"elementor-spacer-inner\"><\/div>\n\t\t<\/div>\n\t\t\t\t\t\t<\/div>\n\t\t\t\t<\/div>\n\t\t\t\t<div class=\"elementor-element elementor-element-f925559 elementor-widget elementor-widget-text-editor\" data-id=\"f925559\" data-element_type=\"widget\" data-e-type=\"widget\" data-widget_type=\"text-editor.default\">\n\t\t\t\t<div class=\"elementor-widget-container\">\n\t\t\t\t\t\t\t\t\t<h5 class=\"wp-block-heading has-large-font-size\">POLITIQUE DE CONFIDENTIALIT\u00c9<\/h5><div class=\"wp-block-spacer\" aria-hidden=\"true\">\u00a0<\/div><h4 class=\"wp-block-heading\"><strong>Introduction<\/strong><\/h4><p>Devant le d\u00e9veloppement des nouveaux outils de communication, il est n\u00e9cessaire de porter une attention particuli\u00e8re \u00e0 la protection de la vie priv\u00e9e. C\u2019est pourquoi, nous nous engageons \u00e0 respecter la confidentialit\u00e9 des renseignements personnels que nous collectons.<\/p><h4 class=\"wp-block-heading\">Collecte des renseignements personnels<\/h4><ul class=\"wp-block-list\"><li>Pr\u00e9nom<\/li><li>Adresse postale<\/li><li>Code postal<\/li><li>Adresse \u00e9lectronique<\/li><li>Num\u00e9ro de t\u00e9l\u00e9phone \/ t\u00e9l\u00e9copieur<\/li><\/ul><p>Les renseignements personnels que nous collectons sont recueillis au travers de formulaires et gr\u00e2ce \u00e0 l\u2019interactivit\u00e9 \u00e9tablie entre vous et notre site Web. Nous utilisons \u00e9galement, comme indiqu\u00e9 dans la section suivante, des fichiers t\u00e9moins et\/ou journaux pour r\u00e9unir des informations vous concernant.<\/p><h4 class=\"wp-block-heading\">Formulaires\u00a0et interactivit\u00e9:<\/h4><p>Vos renseignements personnels sont collect\u00e9s par le biais de formulaire, \u00e0 savoir :<\/p><ul class=\"wp-block-list\"><li>Formulaire d\u2019inscription au site Web<\/li><\/ul><p>Nous utilisons les renseignements ainsi collect\u00e9s pour les finalit\u00e9s suivantes :<\/p><ul class=\"wp-block-list\"><li>Statistiques<\/li><li>Contact<\/li><\/ul><p>Vos renseignements sont \u00e9galement collect\u00e9s par le biais de l\u2019interactivit\u00e9 pouvant s\u2019\u00e9tablir entre vous et notre site Web et ce, de la fa\u00e7on suivante:<\/p><ul class=\"wp-block-list\"><li>Commentaires<\/li><li>Correspondance<\/li><\/ul><p>Nous utilisons les renseignements ainsi collect\u00e9s pour les finalit\u00e9s suivantes :<\/p><ul class=\"wp-block-list\"><li>Statistiques<\/li><li>Contact<\/li><\/ul><h4 class=\"wp-block-heading\">Droit d\u2019opposition et de retrait<\/h4><p>Nous nous engageons \u00e0 vous offrir un droit d\u2019opposition et de retrait quant \u00e0 vos renseignements personnels.<\/p><p>Le droit d\u2019opposition s\u2019entend comme \u00e9tant la possiblit\u00e9 offerte aux internautes de refuser que leurs renseignements personnels soient utilis\u00e9es \u00e0 certaines fins mentionn\u00e9es lors de la collecte.<\/p><p>Le droit de retrait s\u2019entend comme \u00e9tant la possibilit\u00e9 offerte aux internautes de demander \u00e0 ce que leurs renseignements personnels ne figurent plus, par exemple, dans une liste de diffusion.<\/p><p><strong>Pour pouvoir exercer ces droits, vous pouvez :<\/strong><\/p><p>Par la poste : PO BOX: 66004 BP CENTRE CHATEAUGUAY, Ch\u00e2teauguay QC J6K 5B7<\/p><p>Courriel : info@tidysap.com<br \/>T\u00e9l\u00e9phone : 438-871-5660<br \/>Personne responsable : Mercidie Diazola<br \/>Section du site web :\u00a0\u00a0 Site entier<\/p><h4 class=\"wp-block-heading\">Droit d\u2019acc\u00e8s<\/h4><p>Nous nous engageons \u00e0 reconna\u00eetre un droit d\u2019acc\u00e8s et de rectification aux personnes concern\u00e9es d\u00e9sireuses de consulter, modifier, voire radier les informations les concernant.<\/p><p><strong>L\u2019exercice de ce droit se fera :<\/strong><\/p><p>Par la poste : PO BOX: 66004 BP CENTRE CHATEAUGUAY, Ch\u00e2teauguay QC J6K 5B7<\/p><p>Courriel : info@tidysap.com<br \/>T\u00e9l\u00e9phone :\u00a0 438-871-5660<br \/>Personne responsable : Mercidie Diazola<br \/>Section du site web :\u00a0\u00a0 Site entier<\/p><h4 class=\"wp-block-heading\">S\u00e9curit\u00e9<\/h4><p>Les renseignements personnels que nous collectons sont conserv\u00e9s dans un environnement s\u00e9curis\u00e9. Les personnes travaillant pour nous sont tenues de respecter la confidentialit\u00e9 de vos informations.<\/p><p>Pour assurer la s\u00e9curit\u00e9 de vos renseignements personnels, nous avons recours aux mesures suivantes :<\/p><ul class=\"wp-block-list\"><li>Protocole SSL<\/li><li>Gestion des acc\u00e8s \u2013 personne autoris\u00e9e<\/li><li>Gestion des acc\u00e8s \u2013 personne concern\u00e9e<\/li><li>Logiciel de surveillance du r\u00e9seau<\/li><li>Sauvegarde informatique<\/li><li>Identifiant \/ mot de passe<\/li><li>Pare-feu<\/li><\/ul><p>Nous nous engageons \u00e0 maintenir un haut degr\u00e9 de confidentialit\u00e9 en int\u00e9grant les derni\u00e8res innovations technologiques permettant d\u2019assurer la confidentialit\u00e9 de vos transactions. Toutefois, comme aucun m\u00e9canisme n\u2019offre une s\u00e9curit\u00e9 maximale, une part de risque est toujours pr\u00e9sente lorsque l\u2019on utilise Internet pour transmettre des renseignements personnels.<\/p><h4 class=\"wp-block-heading\">L\u00e9gislation<\/h4><p>Nous nous engageons \u00e0 respecter les dispositions l\u00e9gislatives \u00e9nonc\u00e9es dans :<\/p><p>L\u00e9gislation: Loi 25<\/p>\t\t\t\t\t\t\t\t<\/div>\n\t\t\t\t<\/div>\n\t\t\t\t<div class=\"elementor-element elementor-element-d550e90 elementor-widget elementor-widget-spacer\" data-id=\"d550e90\" data-element_type=\"widget\" data-e-type=\"widget\" data-widget_type=\"spacer.default\">\n\t\t\t\t<div class=\"elementor-widget-container\">\n\t\t\t\t\t\t\t<div class=\"elementor-spacer\">\n\t\t\t<div class=\"elementor-spacer-inner\"><\/div>\n\t\t<\/div>\n\t\t\t\t\t\t<\/div>\n\t\t\t\t<\/div>\n\t\t\t\t\t<\/div>\n\t\t\t\t<\/div>\n\t\t\t\t<\/div>\n\t\t","protected":false},"excerpt":{"rendered":"<p>POLITIQUE DE CONFIDENTIALIT\u00c9 \u00a0 Introduction Devant le d\u00e9veloppement des nouveaux outils de communication, il est n\u00e9cessaire de porter une attention particuli\u00e8re \u00e0 la protection de la vie priv\u00e9e. C\u2019est pourquoi, nous nous engageons \u00e0 respecter la confidentialit\u00e9 des renseignements personnels que nous collectons. Collecte des renseignements personnels Pr\u00e9nom Adresse postale Code postal Adresse \u00e9lectronique Num\u00e9ro [&hellip;]<\/p>\n","protected":false},"author":1,"featured_media":0,"parent":0,"menu_order":0,"comment_status":"closed","ping_status":"closed","template":"","meta":{"footnotes":""},"class_list":["post-2170","page","type-page","status-publish","hentry"],"yoast_head":"<!-- This site is optimized with the Yoast SEO plugin v25.4 - https:\/\/yoast.com\/wordpress\/plugins\/seo\/ -->\n<title>Politique de confidentialit\u00e9 - Tidysap<\/title>\n<meta name=\"robots\" content=\"index, follow, max-snippet:-1, max-image-preview:large, max-video-preview:-1\" \/>\n<link rel=\"canonical\" href=\"https:\/\/tidysap.com\/en\/politique-de-confidentialite\/\" \/>\n<meta property=\"og:locale\" content=\"en_US\" \/>\n<meta property=\"og:type\" content=\"article\" \/>\n<meta property=\"og:title\" content=\"Politique de confidentialit\u00e9 - Tidysap\" \/>\n<meta property=\"og:description\" content=\"POLITIQUE DE CONFIDENTIALIT\u00c9 \u00a0 Introduction Devant le d\u00e9veloppement des nouveaux outils de communication, il est n\u00e9cessaire de porter une attention particuli\u00e8re \u00e0 la protection de la vie priv\u00e9e. C\u2019est pourquoi, nous nous engageons \u00e0 respecter la confidentialit\u00e9 des renseignements personnels que nous collectons. Collecte des renseignements personnels Pr\u00e9nom Adresse postale Code postal Adresse \u00e9lectronique Num\u00e9ro [&hellip;]\" \/>\n<meta property=\"og:url\" content=\"https:\/\/tidysap.com\/en\/politique-de-confidentialite\/\" \/>\n<meta property=\"og:site_name\" content=\"Tidysap\" \/>\n<meta property=\"article:publisher\" content=\"https:\/\/www.facebook.com\/profile.php?id=100075818109607\" \/>\n<meta property=\"article:modified_time\" content=\"2025-10-14T16:06:46+00:00\" \/>\n<meta property=\"og:image\" content=\"https:\/\/tidysap.com\/wp-content\/uploads\/2025\/06\/logocommande.png\" \/>\n\t<meta property=\"og:image:width\" content=\"500\" \/>\n\t<meta property=\"og:image:height\" content=\"220\" \/>\n\t<meta property=\"og:image:type\" content=\"image\/png\" \/>\n<meta name=\"twitter:card\" content=\"summary_large_image\" \/>\n<meta name=\"twitter:label1\" content=\"Est. reading time\" \/>\n\t<meta name=\"twitter:data1\" content=\"2 minutes\" \/>\n<script type=\"application\/ld+json\" class=\"yoast-schema-graph\">{\"@context\":\"https:\/\/schema.org\",\"@graph\":[{\"@type\":\"WebPage\",\"@id\":\"https:\/\/tidysap.com\/en\/politique-de-confidentialite\/\",\"url\":\"https:\/\/tidysap.com\/en\/politique-de-confidentialite\/\",\"name\":\"Politique de confidentialit\u00e9 - Tidysap\",\"isPartOf\":{\"@id\":\"https:\/\/tidysap.com\/#website\"},\"datePublished\":\"2025-10-14T13:42:30+00:00\",\"dateModified\":\"2025-10-14T16:06:46+00:00\",\"breadcrumb\":{\"@id\":\"https:\/\/tidysap.com\/en\/politique-de-confidentialite\/#breadcrumb\"},\"inLanguage\":\"en-US\",\"potentialAction\":[{\"@type\":\"ReadAction\",\"target\":[\"https:\/\/tidysap.com\/en\/politique-de-confidentialite\/\"]}]},{\"@type\":\"BreadcrumbList\",\"@id\":\"https:\/\/tidysap.com\/en\/politique-de-confidentialite\/#breadcrumb\",\"itemListElement\":[{\"@type\":\"ListItem\",\"position\":1,\"name\":\"Accueil\",\"item\":\"https:\/\/tidysap.com\/en\/accueil\/\"},{\"@type\":\"ListItem\",\"position\":2,\"name\":\"Politique de confidentialit\u00e9\"}]},{\"@type\":\"WebSite\",\"@id\":\"https:\/\/tidysap.com\/#website\",\"url\":\"https:\/\/tidysap.com\/\",\"name\":\"Tidysap\",\"description\":\"Notre Art, Votre Style\",\"publisher\":{\"@id\":\"https:\/\/tidysap.com\/#organization\"},\"alternateName\":\"TIDYSAP\",\"potentialAction\":[{\"@type\":\"SearchAction\",\"target\":{\"@type\":\"EntryPoint\",\"urlTemplate\":\"https:\/\/tidysap.com\/?s={search_term_string}\"},\"query-input\":{\"@type\":\"PropertyValueSpecification\",\"valueRequired\":true,\"valueName\":\"search_term_string\"}}],\"inLanguage\":\"en-US\"},{\"@type\":\"Organization\",\"@id\":\"https:\/\/tidysap.com\/#organization\",\"name\":\"Tidysap\",\"alternateName\":\"TIDYSAP\",\"url\":\"https:\/\/tidysap.com\/\",\"logo\":{\"@type\":\"ImageObject\",\"inLanguage\":\"en-US\",\"@id\":\"https:\/\/tidysap.com\/#\/schema\/logo\/image\/\",\"url\":\"https:\/\/tidysap.com\/wp-content\/uploads\/2025\/03\/735fba72-5282-4652-b1c7-1f45f03a3430-1-e1742798633919.png\",\"contentUrl\":\"https:\/\/tidysap.com\/wp-content\/uploads\/2025\/03\/735fba72-5282-4652-b1c7-1f45f03a3430-1-e1742798633919.png\",\"width\":292,\"height\":232,\"caption\":\"Tidysap\"},\"image\":{\"@id\":\"https:\/\/tidysap.com\/#\/schema\/logo\/image\/\"},\"sameAs\":[\"https:\/\/www.facebook.com\/profile.php?id=100075818109607\",\"https:\/\/www.instagram.com\/tidysap\/\"]}]}<\/script>\n<!-- \/ Yoast SEO plugin. -->","yoast_head_json":{"title":"Politique de confidentialit\u00e9 - Tidysap","robots":{"index":"index","follow":"follow","max-snippet":"max-snippet:-1","max-image-preview":"max-image-preview:large","max-video-preview":"max-video-preview:-1"},"canonical":"https:\/\/tidysap.com\/en\/politique-de-confidentialite\/","og_locale":"en_US","og_type":"article","og_title":"Politique de confidentialit\u00e9 - Tidysap","og_description":"POLITIQUE DE CONFIDENTIALIT\u00c9 \u00a0 Introduction Devant le d\u00e9veloppement des nouveaux outils de communication, il est n\u00e9cessaire de porter une attention particuli\u00e8re \u00e0 la protection de la vie priv\u00e9e. C\u2019est pourquoi, nous nous engageons \u00e0 respecter la confidentialit\u00e9 des renseignements personnels que nous collectons. Collecte des renseignements personnels Pr\u00e9nom Adresse postale Code postal Adresse \u00e9lectronique Num\u00e9ro [&hellip;]","og_url":"https:\/\/tidysap.com\/en\/politique-de-confidentialite\/","og_site_name":"Tidysap","article_publisher":"https:\/\/www.facebook.com\/profile.php?id=100075818109607","article_modified_time":"2025-10-14T16:06:46+00:00","og_image":[{"width":500,"height":220,"url":"https:\/\/tidysap.com\/wp-content\/uploads\/2025\/06\/logocommande.png","type":"image\/png"}],"twitter_card":"summary_large_image","twitter_misc":{"Est. reading time":"2 minutes"},"schema":{"@context":"https:\/\/schema.org","@graph":[{"@type":"WebPage","@id":"https:\/\/tidysap.com\/en\/politique-de-confidentialite\/","url":"https:\/\/tidysap.com\/en\/politique-de-confidentialite\/","name":"Politique de confidentialit\u00e9 - Tidysap","isPartOf":{"@id":"https:\/\/tidysap.com\/#website"},"datePublished":"2025-10-14T13:42:30+00:00","dateModified":"2025-10-14T16:06:46+00:00","breadcrumb":{"@id":"https:\/\/tidysap.com\/en\/politique-de-confidentialite\/#breadcrumb"},"inLanguage":"en-US","potentialAction":[{"@type":"ReadAction","target":["https:\/\/tidysap.com\/en\/politique-de-confidentialite\/"]}]},{"@type":"BreadcrumbList","@id":"https:\/\/tidysap.com\/en\/politique-de-confidentialite\/#breadcrumb","itemListElement":[{"@type":"ListItem","position":1,"name":"Accueil","item":"https:\/\/tidysap.com\/en\/accueil\/"},{"@type":"ListItem","position":2,"name":"Politique de confidentialit\u00e9"}]},{"@type":"WebSite","@id":"https:\/\/tidysap.com\/#website","url":"https:\/\/tidysap.com\/","name":"Tidysap","description":"Notre Art, Votre Style","publisher":{"@id":"https:\/\/tidysap.com\/#organization"},"alternateName":"TIDYSAP","potentialAction":[{"@type":"SearchAction","target":{"@type":"EntryPoint","urlTemplate":"https:\/\/tidysap.com\/?s={search_term_string}"},"query-input":{"@type":"PropertyValueSpecification","valueRequired":true,"valueName":"search_term_string"}}],"inLanguage":"en-US"},{"@type":"Organization","@id":"https:\/\/tidysap.com\/#organization","name":"Tidysap","alternateName":"TIDYSAP","url":"https:\/\/tidysap.com\/","logo":{"@type":"ImageObject","inLanguage":"en-US","@id":"https:\/\/tidysap.com\/#\/schema\/logo\/image\/","url":"https:\/\/tidysap.com\/wp-content\/uploads\/2025\/03\/735fba72-5282-4652-b1c7-1f45f03a3430-1-e1742798633919.png","contentUrl":"https:\/\/tidysap.com\/wp-content\/uploads\/2025\/03\/735fba72-5282-4652-b1c7-1f45f03a3430-1-e1742798633919.png","width":292,"height":232,"caption":"Tidysap"},"image":{"@id":"https:\/\/tidysap.com\/#\/schema\/logo\/image\/"},"sameAs":["https:\/\/www.facebook.com\/profile.php?id=100075818109607","https:\/\/www.instagram.com\/tidysap\/"]}]}},"_links":{"self":[{"href":"https:\/\/tidysap.com\/en\/wp-json\/wp\/v2\/pages\/2170","targetHints":{"allow":["GET"]}}],"collection":[{"href":"https:\/\/tidysap.com\/en\/wp-json\/wp\/v2\/pages"}],"about":[{"href":"https:\/\/tidysap.com\/en\/wp-json\/wp\/v2\/types\/page"}],"author":[{"embeddable":true,"href":"https:\/\/tidysap.com\/en\/wp-json\/wp\/v2\/users\/1"}],"replies":[{"embeddable":true,"href":"https:\/\/tidysap.com\/en\/wp-json\/wp\/v2\/comments?post=2170"}],"version-history":[{"count":17,"href":"https:\/\/tidysap.com\/en\/wp-json\/wp\/v2\/pages\/2170\/revisions"}],"predecessor-version":[{"id":2214,"href":"https:\/\/tidysap.com\/en\/wp-json\/wp\/v2\/pages\/2170\/revisions\/2214"}],"wp:attachment":[{"href":"https:\/\/tidysap.com\/en\/wp-json\/wp\/v2\/media?parent=2170"}],"curies":[{"name":"wp","href":"https:\/\/api.w.org\/{rel}","templated":true}]}}